{"id":741,"date":"2024-01-23T20:23:36","date_gmt":"2024-01-23T19:23:36","guid":{"rendered":"https:\/\/agenturiptv.com\/?page_id=741"},"modified":"2024-01-29T12:25:37","modified_gmt":"2024-01-29T11:25:37","slug":"datenschutzrichtlinie","status":"publish","type":"page","link":"https:\/\/agenturiptv.com\/index.php\/datenschutzrichtlinie\/","title":{"rendered":"Datenschutzrichtlinie"},"content":{"rendered":"\n<p><strong>Sammeln von Informationen :<br><\/strong>Bei einer Bestellung sammeln wir pers\u00f6nliche Informationen wie Name, Adresse, E-Mail-Adresse usw. Diese Informationen sind notwendig, um Ihre Bestellungen zu bearbeiten und unseren Service zu verbessern.<\/p>\n\n\n\n<p><strong>Verwendung der Informationen:<br><\/strong>Die gesammelten Informationen werden verwendet, um Ihre Bestellungen zu bearbeiten, Ihre Erfahrung zu personalisieren, unsere Website zu verbessern und Ihnen Werbemitteilungen zu senden, wenn Sie sich daf\u00fcr entschieden haben.<\/p>\n\n\n\n<p><strong>Sicherheit :<br><\/strong>Wir setzen Sicherheitsma\u00dfnahmen ein, um Ihre pers\u00f6nlichen Informationen zu sch\u00fctzen. Allerdings ist keine Methode der Internet\u00fcbertragung oder der elektronischen Speicherung vollkommen sicher.<\/p>\n\n\n\n<p><strong>Weitergabe an Dritte :<br><\/strong>Wir verkaufen oder vermieten Ihre pers\u00f6nlichen Informationen nicht an Dritte. Die Informationen k\u00f6nnen an Drittanbieter weitergegeben werden, um Bestellungen zu bearbeiten und unsere Dienstleistungen zu verbessern.<\/p>\n\n\n\n<div class=\"wp-block-buttons is-vertical is-content-justification-center is-layout-flex wp-container-core-buttons-is-layout-9a7cdcfd wp-block-buttons-is-layout-flex\">\n<div class=\"wp-block-button\"><a class=\"wp-block-button__link has-white-color has-vivid-red-background-color has-text-color has-background has-link-color wp-element-button\" href=\"https:\/\/agenturiptv.com\/#unsereAngebote\">Unsere Angebote<\/a><\/div>\n<\/div>\n","protected":false},"excerpt":{"rendered":"<p>Sammeln von Informationen :Bei einer Bestellung sammeln wir pers\u00f6nliche Informationen wie Name, Adresse, E-Mail-Adresse usw. Diese Informationen sind notwendig, um Ihre Bestellungen zu bearbeiten und unseren Service zu verbessern. Verwendung der Informationen:Die gesammelten Informationen werden verwendet, um Ihre Bestellungen zu bearbeiten, Ihre Erfahrung zu personalisieren, unsere Website zu verbessern und Ihnen Werbemitteilungen zu senden, wenn [&hellip;]<\/p>\n","protected":false},"author":1,"featured_media":0,"parent":0,"menu_order":0,"comment_status":"closed","ping_status":"closed","template":"","meta":{"om_disable_all_campaigns":false,"_monsterinsights_skip_tracking":false,"_monsterinsights_sitenote_active":false,"_monsterinsights_sitenote_note":"","_monsterinsights_sitenote_category":0,"footnotes":""},"class_list":["post-741","page","type-page","status-publish","hentry"],"aioseo_notices":[],"_links":{"self":[{"href":"https:\/\/agenturiptv.com\/index.php\/wp-json\/wp\/v2\/pages\/741","targetHints":{"allow":["GET"]}}],"collection":[{"href":"https:\/\/agenturiptv.com\/index.php\/wp-json\/wp\/v2\/pages"}],"about":[{"href":"https:\/\/agenturiptv.com\/index.php\/wp-json\/wp\/v2\/types\/page"}],"author":[{"embeddable":true,"href":"https:\/\/agenturiptv.com\/index.php\/wp-json\/wp\/v2\/users\/1"}],"replies":[{"embeddable":true,"href":"https:\/\/agenturiptv.com\/index.php\/wp-json\/wp\/v2\/comments?post=741"}],"version-history":[{"count":0,"href":"https:\/\/agenturiptv.com\/index.php\/wp-json\/wp\/v2\/pages\/741\/revisions"}],"wp:attachment":[{"href":"https:\/\/agenturiptv.com\/index.php\/wp-json\/wp\/v2\/media?parent=741"}],"curies":[{"name":"wp","href":"https:\/\/api.w.org\/{rel}","templated":true}]}}