{"id":114,"date":"2024-01-21T02:43:43","date_gmt":"2024-01-21T01:43:43","guid":{"rendered":"https:\/\/agenturiptv.com\/?post_type=product&#038;p=114"},"modified":"2024-11-08T17:25:57","modified_gmt":"2024-11-08T16:25:57","slug":"iptv-duoplay-abo-2-bildschirme-12-monate-premium","status":"publish","type":"product","link":"https:\/\/agenturiptv.com\/index.php\/product\/iptv-duoplay-abo-2-bildschirme-12-monate-premium\/","title":{"rendered":"IPTV-DUOPLAY-ABO 2 BILDSCHIRME 12 MONATE PREMIUM"},"content":{"rendered":"<ul>\n<li>\n<ul>\n<li><span style=\"color: #000000;\">Erkunden Sie eine riesige Auswahl von +25.000 auf dem Markt einzigartigen Premium-Live-IPTV-Kan\u00e4len f\u00fcr ein unvergleichliches Unterhaltungserlebnis.<\/span><\/li>\n<li><span style=\"color: #000000;\">Verpassen Sie keine Ihrer Lieblingssendungen dank des TV-Guides (EPG) auf allen Kan\u00e4len.<\/span><\/li>\n<li><span style=\"color: #000000;\">Genie\u00dfen Sie eine Vielzahl an Unterhaltungsm\u00f6glichkeiten mit mehrsprachigen VOD-Filmen und Serien, einschlie\u00dflich Netflix.<\/span><\/li>\n<li><span style=\"color: #000000;\">Nahtlose Integration auf TV, Box, Smartphone, Computer und mehr f\u00fcr ein individuelles Erlebnis.<\/span><\/li>\n<li><span style=\"color: #000000;\">Ein umfassendes Angebot einschlie\u00dflich eines XXX Adult Bouquet f\u00fcr erwachsene Unterhaltung nur f\u00fcr einwilligungsf\u00e4hige Erwachsene.<\/span><\/li>\n<li><span style=\"color: #000000;\">Holen Sie sich 24\/7-Support per E-Mail &amp; Whatsapp, unser Team ist immer f\u00fcr Sie da, um Sie zu unterst\u00fctzen.<\/span><\/li>\n<\/ul>\n<p><span style=\"color: #000000;\">Mit dem IPTV-Abonnement SOLOSTREAM 1 BILDSCHIRM 12 MONATE Premium haben Sie Zugang zu grenzenloser Unterhaltung und tauchen in eine Welt ein, die reich an verschiedenen Inhalten ist.<\/span><\/li>\n<\/ul>\n","protected":false},"excerpt":{"rendered":"<p>Erkunden Sie eine riesige Auswahl von +25.000 auf dem Markt einzigartigen Premium-Live-IPTV-Kan\u00e4len f\u00fcr ein unvergleichliches Unterhaltungserlebnis. Verpassen Sie keine Ihrer Lieblingssendungen dank des TV-Guides (EPG) auf allen Kan\u00e4len. Genie\u00dfen Sie eine Vielzahl an Unterhaltungsm\u00f6glichkeiten mit mehrsprachigen VOD-Filmen und Serien, einschlie\u00dflich Netflix. Nahtlose Integration auf TV, Box, Smartphone, Computer und mehr f\u00fcr ein individuelles Erlebnis. Ein [&hellip;]<\/p>\n","protected":false},"featured_media":0,"comment_status":"open","ping_status":"closed","template":"","meta":{"om_disable_all_campaigns":false,"_monsterinsights_skip_tracking":false,"_monsterinsights_sitenote_active":false,"_monsterinsights_sitenote_note":"","_monsterinsights_sitenote_category":0},"product_brand":[],"product_cat":[22],"product_tag":[23,24,25],"class_list":{"0":"post-114","1":"product","2":"type-product","3":"status-publish","5":"product_cat-abonnement-iptv","6":"product_tag-abonnement","7":"product_tag-iptv","8":"product_tag-streaming","10":"first","11":"instock","12":"shipping-taxable","13":"purchasable","14":"product-type-simple"},"aioseo_notices":[],"_links":{"self":[{"href":"https:\/\/agenturiptv.com\/index.php\/wp-json\/wp\/v2\/product\/114","targetHints":{"allow":["GET"]}}],"collection":[{"href":"https:\/\/agenturiptv.com\/index.php\/wp-json\/wp\/v2\/product"}],"about":[{"href":"https:\/\/agenturiptv.com\/index.php\/wp-json\/wp\/v2\/types\/product"}],"replies":[{"embeddable":true,"href":"https:\/\/agenturiptv.com\/index.php\/wp-json\/wp\/v2\/comments?post=114"}],"version-history":[{"count":0,"href":"https:\/\/agenturiptv.com\/index.php\/wp-json\/wp\/v2\/product\/114\/revisions"}],"wp:attachment":[{"href":"https:\/\/agenturiptv.com\/index.php\/wp-json\/wp\/v2\/media?parent=114"}],"wp:term":[{"taxonomy":"product_brand","embeddable":true,"href":"https:\/\/agenturiptv.com\/index.php\/wp-json\/wp\/v2\/product_brand?post=114"},{"taxonomy":"product_cat","embeddable":true,"href":"https:\/\/agenturiptv.com\/index.php\/wp-json\/wp\/v2\/product_cat?post=114"},{"taxonomy":"product_tag","embeddable":true,"href":"https:\/\/agenturiptv.com\/index.php\/wp-json\/wp\/v2\/product_tag?post=114"}],"curies":[{"name":"wp","href":"https:\/\/api.w.org\/{rel}","templated":true}]}}